{"id":11,"date":"2013-03-06T19:34:53","date_gmt":"2013-03-06T19:34:53","guid":{"rendered":"http:\/\/medianegra.com\/lagranjafilms\/?page_id=11"},"modified":"2023-11-30T13:28:34","modified_gmt":"2023-11-30T16:28:34","slug":"contacto","status":"publish","type":"page","link":"http:\/\/lagranjafilms.com\/en\/contacto\/","title":{"rendered":"Contact"},"content":{"rendered":"<p><\/p>\n<div class=\"left-container\">&nbsp;<\/div>\n<div class=\"right-container\">\n<div class=\"direction\">\n<p>&nbsp;<\/p>\n<div class=\"map-marker\">&nbsp;<\/div>\n<p><span class=\"megasize\">LA GRANJA FILMS<\/span>Tom\u00e1s Giribaldi 2278 | Parque Rod\u00f3<br \/>\nTel: +598 95 838 740<br \/>\nMontevideo, Uruguay<br \/>\ncontacto@lagranjafilms.com<\/p>\n<\/div>\n<div class=\"contact_datos\">HORACIO G\u00d3MEZ |<br \/>\nProductor Ejecutivo<br \/>\nDirector+598 94166759ho@lagranjafilms.com<\/p>\n<\/div>\n<div class=\"contact_datos\">VICKY BOIX<br \/>\nProductora Ejecutiva<br \/>\nArte+598 94352425vicky@lagranjafilms.com<\/p>\n<\/div>\n<div class=\"contact_datos\">SEBASTIAN CABRERA<br \/>\nDirector | Post+598 99332998<br \/>\nsebacabrera@lagranjafilms.com<\/div>\n<\/div>\n<p>&nbsp;<\/p>","protected":false},"excerpt":{"rendered":"<p>&nbsp; &nbsp; &nbsp; LA GRANJA FILMSTom\u00e1s Giribaldi 2278 | Parque Rod\u00f3 Tel: +598 95 838 740 Montevideo, Uruguay contacto@lagranjafilms.com HORACIO G\u00d3MEZ | Productor Ejecutivo Director+598 94166759ho@lagranjafilms.com VICKY BOIX Productora Ejecutiva Arte+598 94352425vicky@lagranjafilms.com SEBASTIAN CABRERA Director | Post+598 99332998 sebacabrera@lagranjafilms.com &nbsp;<\/p>\n","protected":false},"author":1,"featured_media":0,"parent":0,"menu_order":3,"comment_status":"closed","ping_status":"closed","template":"","meta":{"ngg_post_thumbnail":0},"acf":[],"_links":{"self":[{"href":"http:\/\/lagranjafilms.com\/en\/wp-json\/wp\/v2\/pages\/11"}],"collection":[{"href":"http:\/\/lagranjafilms.com\/en\/wp-json\/wp\/v2\/pages"}],"about":[{"href":"http:\/\/lagranjafilms.com\/en\/wp-json\/wp\/v2\/types\/page"}],"author":[{"embeddable":true,"href":"http:\/\/lagranjafilms.com\/en\/wp-json\/wp\/v2\/users\/1"}],"replies":[{"embeddable":true,"href":"http:\/\/lagranjafilms.com\/en\/wp-json\/wp\/v2\/comments?post=11"}],"version-history":[{"count":96,"href":"http:\/\/lagranjafilms.com\/en\/wp-json\/wp\/v2\/pages\/11\/revisions"}],"predecessor-version":[{"id":1257,"href":"http:\/\/lagranjafilms.com\/en\/wp-json\/wp\/v2\/pages\/11\/revisions\/1257"}],"wp:attachment":[{"href":"http:\/\/lagranjafilms.com\/en\/wp-json\/wp\/v2\/media?parent=11"}],"curies":[{"name":"wp","href":"https:\/\/api.w.org\/{rel}","templated":true}]}}